{"id":9654,"date":"2026-01-20T12:01:43","date_gmt":"2026-01-20T18:01:43","guid":{"rendered":"https:\/\/citedesrocheuses.com\/?page_id=9654"},"modified":"2026-02-05T11:11:05","modified_gmt":"2026-02-05T17:11:05","slug":"evenements-passes","status":"publish","type":"page","link":"https:\/\/citedesrocheuses.com\/en\/evenements-passes\/","title":{"rendered":"Our past events"},"content":{"rendered":"<p>[et_pb_section fb_built=\u00a0\u00bb1&Prime; admin_label=\u00a0\u00bbIntro\u00a0\u00bb _builder_version=\u00a0\u00bb4.27.5&Prime; _module_preset=\u00a0\u00bbdefault\u00a0\u00bb background_image=\u00a0\u00bbhttps:\/\/citedesrocheuses.com\/wp-content\/uploads\/2025\/12\/theatre-cite-des-rocheuses-2.png\u00a0\u00bb custom_padding=\u00a0\u00bb60px||60px||false|false\u00a0\u00bb collapsed=\u00a0\u00bbon\u00a0\u00bb global_colors_info=\u00a0\u00bb{%22gcid-1cd7305f-fd20-421c-b36d-bb3da4e244c4%22:%91%22background_color%22%93}\u00a0\u00bb][et_pb_row custom_padding_last_edited=\u00a0\u00bbon|phone\u00a0\u00bb _builder_version=\u00a0\u00bb4.27.5&Prime; _module_preset=\u00a0\u00bbdefault\u00a0\u00bb background_color=\u00a0\u00bbRGBA(255,255,255,0)\u00a0\u00bb max_width=\u00a0\u00bbnone\u00a0\u00bb custom_padding=\u00a0\u00bb60px|60px|60px|60px|true|true\u00a0\u00bb custom_padding_tablet=\u00a0\u00bb40px|40px|40px|40px|true|true\u00a0\u00bb custom_padding_phone=\u00a0\u00bb30px|20px|30px|20px|true|true\u00a0\u00bb locked=\u00a0\u00bboff\u00a0\u00bb global_colors_info=\u00a0\u00bb{}\u00a0\u00bb][et_pb_column type=\u00a0\u00bb4_4&Prime; _builder_version=\u00a0\u00bb4.23.1&Prime; _module_preset=\u00a0\u00bbdefault\u00a0\u00bb global_colors_info=\u00a0\u00bb{}\u00a0\u00bb][et_pb_text _builder_version=\u00a0\u00bb4.27.5&Prime; _module_preset=\u00a0\u00bb13e1e185-84bc-4301-a192-045b084e6b9a\u00a0\u00bb header_font=\u00a0\u00bb&#8211;et_global_heading_font|600|||||||\u00a0\u00bb header_text_align=\u00a0\u00bbcenter\u00a0\u00bb header_text_color=\u00a0\u00bb#FFFFFF\u00a0\u00bb header_font_size=\u00a0\u00bb64px\u00a0\u00bb header_letter_spacing=\u00a0\u00bb1px\u00a0\u00bb header_line_height=\u00a0\u00bb1.3em\u00a0\u00bb text_orientation=\u00a0\u00bbcenter\u00a0\u00bb custom_margin=\u00a0\u00bb||10px||false|false\u00a0\u00bb custom_padding=\u00a0\u00bb|0px||0px|false|false\u00a0\u00bb header_font_size_tablet=\u00a0\u00bb64px\u00a0\u00bb header_font_size_phone=\u00a0\u00bb34px\u00a0\u00bb header_font_size_last_edited=\u00a0\u00bbon|phone\u00a0\u00bb header_text_shadow_style=\u00a0\u00bbpreset1&Prime; header_text_shadow_vertical_length=\u00a0\u00bb0.03em\u00a0\u00bb header_text_shadow_blur_strength=\u00a0\u00bb0.09em\u00a0\u00bb header_text_shadow_color=\u00a0\u00bbrgba(10,10,10,0.69)\u00a0\u00bb global_colors_info=\u00a0\u00bb{}\u00a0\u00bb]<\/p>\n<h1>Nos \u00e9v\u00e9nements pass\u00e9s<\/h1>\n<p>[\/et_pb_text][\/et_pb_column][\/et_pb_row][\/et_pb_section][et_pb_section fb_built=\u00a0\u00bb1&Prime; admin_label=\u00a0\u00bbServices\u00a0\u00bb _builder_version=\u00a0\u00bb4.24.2&Prime; _module_preset=\u00a0\u00bbdefault\u00a0\u00bb background_color=\u00a0\u00bbRGBA(255,255,255,0)\u00a0\u00bb custom_padding=\u00a0\u00bb0px||0px||false|false\u00a0\u00bb locked=\u00a0\u00bboff\u00a0\u00bb collapsed=\u00a0\u00bbon\u00a0\u00bb global_colors_info=\u00a0\u00bb{}\u00a0\u00bb][et_pb_row admin_label=\u00a0\u00bbEvents\u00a0\u00bb _builder_version=\u00a0\u00bb4.27.5&Prime; _module_preset=\u00a0\u00bbdefault\u00a0\u00bb custom_margin=\u00a0\u00bb|auto||auto|false|false\u00a0\u00bb custom_padding=\u00a0\u00bb100px||100px||true|false\u00a0\u00bb global_colors_info=\u00a0\u00bb{}\u00a0\u00bb][et_pb_column type=\u00a0\u00bb4_4&Prime; _builder_version=\u00a0\u00bb4.27.5&Prime; _module_preset=\u00a0\u00bbdefault\u00a0\u00bb hover_enabled=\u00a0\u00bb0&Prime; global_colors_info=\u00a0\u00bb{}\u00a0\u00bb sticky_enabled=\u00a0\u00bb0&Prime;][decm_event_display show_past=\u00a0\u00bbpast_events\u00a0\u00bb show_end_date=\u00a0\u00bboff\u00a0\u00bb details_time_label=\u00a0\u00bbHoraires\u00a0\u00bb venue_detail_label=\u00a0\u00bbLieu\u00a0\u00bb show_name=\u00a0\u00bboff\u00a0\u00bb show_price=\u00a0\u00bboff\u00a0\u00bb show_price_ticket=\u00a0\u00bboff\u00a0\u00bb show_rsvp_feed=\u00a0\u00bboff\u00a0\u00bb show_category=\u00a0\u00bboff\u00a0\u00bb show_tag=\u00a0\u00bboff\u00a0\u00bb show_weburl=\u00a0\u00bboff\u00a0\u00bb show_callout_box=\u00a0\u00bboff\u00a0\u00bb event_count=\u00a0\u00bb15&Prime; result_message=\u00a0\u00bbIl n&rsquo;y a pas d&rsquo;\u00e9v\u00e9nement \u00e0 venir pour le moment.\u00a0\u00bb details_link_color=\u00a0\u00bb#484848&Prime; details_icon_color=\u00a0\u00bb#A01A21&Prime; view_more_text=\u00a0\u00bbVoir plus\u00a0\u00bb show_colon=\u00a0\u00bbon\u00a0\u00bb align=\u00a0\u00bbcenter\u00a0\u00bb image_aspect_ratio=\u00a0\u00bb16\/9&Prime; button_align=\u00a0\u00bbon\u00a0\u00bb button_make_fullwidth=\u00a0\u00bbon\u00a0\u00bb show_pagination=\u00a0\u00bbon\u00a0\u00bb pagination_type=\u00a0\u00bbnumeric_pagination\u00a0\u00bb custom_event_link_target=\u00a0\u00bb_blank\u00a0\u00bb pagination_align=\u00a0\u00bbright\u00a0\u00bb paged_pagination_background_color=\u00a0\u00bbRGBA(255,255,255,0)\u00a0\u00bb numeric_pagination_background_color=\u00a0\u00bbRGBA(255,255,255,0)\u00a0\u00bb numeric_pagination_text_color=\u00a0\u00bb#484848&Prime; numeric_page_background_color=\u00a0\u00bbRGBA(255,255,255,0)\u00a0\u00bb numeric_page_text_color=\u00a0\u00bb#484848&Prime; numeric_current_page_background_color=\u00a0\u00bbRGBA(255,255,255,0)\u00a0\u00bb numeric_current_page_text_color=\u00a0\u00bb#A01A21&Prime; _builder_version=\u00a0\u00bb4.27.5&Prime; _module_preset=\u00a0\u00bbdefault\u00a0\u00bb title_font=\u00a0\u00bb&#8211;et_global_heading_font|700|||||||\u00a0\u00bb title_text_align=\u00a0\u00bbleft\u00a0\u00bb title_font_size=\u00a0\u00bb30px\u00a0\u00bb duration_font=\u00a0\u00bb&#8211;et_global_body_font||||||||\u00a0\u00bb duration_font_size=\u00a0\u00bb18px\u00a0\u00bb duration_labels_font=\u00a0\u00bb&#8211;et_global_body_font|600|||||||\u00a0\u00bb duration_labels_text_color=\u00a0\u00bb#484848&Prime; duration_labels_font_size=\u00a0\u00bb18px\u00a0\u00bb callout_date_font=\u00a0\u00bb&#8211;et_global_body_font|700|||||||\u00a0\u00bb results_message_font=\u00a0\u00bb&#8211;et_global_body_font||||||||\u00a0\u00bb results_message_text_color=\u00a0\u00bb#484848&Prime; event_pagination_numaric_font=\u00a0\u00bb&#8211;et_global_body_font||||||||\u00a0\u00bb event_pagination_numaric_text_align=\u00a0\u00bbcenter\u00a0\u00bb event_pagination_numaric_text_color=\u00a0\u00bb#484848&Prime; event_pagination_numaric_font_size=\u00a0\u00bb14px\u00a0\u00bb custom_view_more=\u00a0\u00bbon\u00a0\u00bb view_more_text_color=\u00a0\u00bb#FFFFFF\u00a0\u00bb view_more_bg_color=\u00a0\u00bb#A01A21&Prime; view_more_border_radius=\u00a0\u00bb30px\u00a0\u00bb view_more_font=\u00a0\u00bb&#8211;et_global_body_font|700|||||||\u00a0\u00bb view_more_use_icon=\u00a0\u00bboff\u00a0\u00bb custom_margin=\u00a0\u00bb||||false|false\u00a0\u00bb custom_padding=\u00a0\u00bb||||false|false\u00a0\u00bb animation_style=\u00a0\u00bbfade\u00a0\u00bb hover_enabled=\u00a0\u00bb0&Prime; border_radii_thumbnail_border=\u00a0\u00bbon|10px|10px|10px|10px\u00a0\u00bb border_radii_event_border=\u00a0\u00bbon||||\u00a0\u00bb border_color_all_numeric_border=\u00a0\u00bbRGBA(255,255,255,0)\u00a0\u00bb box_shadow_style_image_box_shadow=\u00a0\u00bbpreset2&Prime; box_shadow_horizontal_image_box_shadow=\u00a0\u00bb2px\u00a0\u00bb box_shadow_vertical_image_box_shadow=\u00a0\u00bb2px\u00a0\u00bb box_shadow_blur_image_box_shadow=\u00a0\u00bb10px\u00a0\u00bb box_shadow_spread_image_box_shadow=\u00a0\u00bb1px\u00a0\u00bb box_shadow_color_image_box_shadow=\u00a0\u00bbrgba(0,0,0,0.43)\u00a0\u00bb global_colors_info=\u00a0\u00bb{}\u00a0\u00bb event_order=\u00a0\u00bbDESC\u00a0\u00bb sticky_enabled=\u00a0\u00bb0&Prime;][\/decm_event_display][\/et_pb_column][\/et_pb_row][\/et_pb_section]<\/p>\n","protected":false},"excerpt":{"rendered":"<p>La Cit\u00e9 des Rocheuses est votre centre culturel francophone \u00e0 Calgary : films, spectacles, \u00e9v\u00e9nements, et services pour francophones et francophiles.<\/p>","protected":false},"author":2130,"featured_media":0,"parent":0,"menu_order":0,"comment_status":"closed","ping_status":"closed","template":"","meta":{"_et_pb_use_builder":"on","_et_pb_old_content":"","_et_gb_content_width":"","footnotes":""},"class_list":["post-9654","page","type-page","status-publish","hentry"],"_links":{"self":[{"href":"https:\/\/citedesrocheuses.com\/en\/wp-json\/wp\/v2\/pages\/9654","targetHints":{"allow":["GET"]}}],"collection":[{"href":"https:\/\/citedesrocheuses.com\/en\/wp-json\/wp\/v2\/pages"}],"about":[{"href":"https:\/\/citedesrocheuses.com\/en\/wp-json\/wp\/v2\/types\/page"}],"author":[{"embeddable":true,"href":"https:\/\/citedesrocheuses.com\/en\/wp-json\/wp\/v2\/users\/2130"}],"replies":[{"embeddable":true,"href":"https:\/\/citedesrocheuses.com\/en\/wp-json\/wp\/v2\/comments?post=9654"}],"version-history":[{"count":0,"href":"https:\/\/citedesrocheuses.com\/en\/wp-json\/wp\/v2\/pages\/9654\/revisions"}],"wp:attachment":[{"href":"https:\/\/citedesrocheuses.com\/en\/wp-json\/wp\/v2\/media?parent=9654"}],"curies":[{"name":"wp","href":"https:\/\/api.w.org\/{rel}","templated":true}]}}